{"id":2,"date":"2023-08-20T14:35:26","date_gmt":"2023-08-20T12:35:26","guid":{"rendered":"http:\/\/cmdlcommunitymanager.com\/?page_id=2"},"modified":"2025-06-16T18:09:23","modified_gmt":"2025-06-16T16:09:23","slug":"accueil","status":"publish","type":"page","link":"https:\/\/cmdlcommunitymanager.com\/","title":{"rendered":"En Ce Moment"},"content":{"rendered":"\t\t<div data-elementor-type=\"wp-page\" data-elementor-id=\"2\" class=\"elementor elementor-2\">\n\t\t\t\t<div class=\"elementor-element elementor-element-426924a e-con-full e-flex e-con e-parent\" data-id=\"426924a\" data-element_type=\"container\" data-e-type=\"container\">\n\t\t\t\t<div class=\"elementor-element elementor-element-a1bfa47 elementor-widget elementor-widget-heading\" data-id=\"a1bfa47\" data-element_type=\"widget\" data-e-type=\"widget\" data-widget_type=\"heading.default\">\n\t\t\t\t<div class=\"elementor-widget-container\">\n\t\t\t\t\t<h2 class=\"elementor-heading-title elementor-size-large\">Bienvenue dans Mon petit univers<\/h2>\t\t\t\t<\/div>\n\t\t\t\t<\/div>\n\t\t\t\t<div class=\"elementor-element elementor-element-33c53c4 elementor-widget elementor-widget-text-editor\" data-id=\"33c53c4\" data-element_type=\"widget\" data-e-type=\"widget\" data-widget_type=\"text-editor.default\">\n\t\t\t\t<div class=\"elementor-widget-container\">\n\t\t\t\t\t\t\t\t\t<p>Je m&rsquo;adresse essentiellement aux petites entreprises, commer\u00e7ants, artisans, restaurateurs, professions lib\u00e9rales autour du bien-\u00eatre ou agents immobilier ind\u00e9pendants.<\/p><p>Ici on parlera de ton \u00ab\u00a0b\u00e9b\u00e9\u00a0\u00bb, mon r\u00f4le est de te soulager de ta com&rsquo; sur les r\u00e9seaux, je ferais en sorte que ton entreprise rayonne, qu&rsquo;elle se d\u00e9marque des autres. Ensemble on va faire ressortir tes valeurs et je veillerai avec soins sur ton E-r\u00e9putation.<\/p><p>Concentre-toi sur ton activit\u00e9 et L\u00e2che prise sur ta Com&rsquo;<\/p>\t\t\t\t\t\t\t\t<\/div>\n\t\t\t\t<\/div>\n\t\t\t\t<div class=\"elementor-element elementor-element-815c45c elementor-widget elementor-widget-image\" data-id=\"815c45c\" data-element_type=\"widget\" data-e-type=\"widget\" data-widget_type=\"image.default\">\n\t\t\t\t<div class=\"elementor-widget-container\">\n\t\t\t\t\t\t\t\t\t\t\t\t\t\t\t<img fetchpriority=\"high\" decoding=\"async\" width=\"1200\" height=\"700\" src=\"https:\/\/cmdlcommunitymanager.com\/wp-content\/uploads\/2024\/12\/Couverture-FB-CM-1200x700.png\" class=\"attachment-ocean-thumb-l size-ocean-thumb-l wp-image-472\" alt=\"\" \/>\t\t\t\t\t\t\t\t\t\t\t\t\t\t\t<\/div>\n\t\t\t\t<\/div>\n\t\t\t\t<\/div>\n\t\t<div class=\"elementor-element elementor-element-dee5db8 e-flex e-con-boxed e-con e-parent\" data-id=\"dee5db8\" data-element_type=\"container\" data-e-type=\"container\">\n\t\t\t\t\t<div class=\"e-con-inner\">\n\t\t\t\t<div class=\"elementor-element elementor-element-8ad3a9c elementor-widget elementor-widget-spacer\" data-id=\"8ad3a9c\" data-element_type=\"widget\" data-e-type=\"widget\" data-widget_type=\"spacer.default\">\n\t\t\t\t<div class=\"elementor-widget-container\">\n\t\t\t\t\t\t\t<div class=\"elementor-spacer\">\n\t\t\t<div class=\"elementor-spacer-inner\"><\/div>\n\t\t<\/div>\n\t\t\t\t\t\t<\/div>\n\t\t\t\t<\/div>\n\t\t\t\t\t<\/div>\n\t\t\t\t<\/div>\n\t\t\t\t<\/div>\n\t\t","protected":false},"excerpt":{"rendered":"<p>Bienvenue dans Mon petit univers Je m&rsquo;adresse essentiellement aux petites entreprises, commer\u00e7ants, artisans, restaurateurs, professions lib\u00e9rales autour du bien-\u00eatre ou agents immobilier ind\u00e9pendants. Ici on parlera de ton \u00ab\u00a0b\u00e9b\u00e9\u00a0\u00bb, mon r\u00f4le est de te soulager de ta com&rsquo; sur les r\u00e9seaux, je ferais en sorte que ton entreprise rayonne, qu&rsquo;elle se d\u00e9marque des autres. Ensemble [&hellip;]<\/p>\n","protected":false},"author":1,"featured_media":0,"parent":0,"menu_order":0,"comment_status":"closed","ping_status":"open","template":"","meta":{"footnotes":""},"class_list":["post-2","page","type-page","status-publish","hentry","entry"],"yoast_head":"<!-- This site is optimized with the Yoast SEO plugin v24.0 - https:\/\/yoast.com\/wordpress\/plugins\/seo\/ -->\n<title>En Ce Moment - Celine Community Manager<\/title>\n<meta name=\"robots\" content=\"index, follow, max-snippet:-1, max-image-preview:large, max-video-preview:-1\" \/>\n<link rel=\"canonical\" href=\"https:\/\/cmdlcommunitymanager.com\/\" \/>\n<meta property=\"og:locale\" content=\"fr_FR\" \/>\n<meta property=\"og:type\" content=\"article\" \/>\n<meta property=\"og:title\" content=\"En Ce Moment - Celine Community Manager\" \/>\n<meta property=\"og:description\" content=\"Bienvenue dans Mon petit univers Je m&rsquo;adresse essentiellement aux petites entreprises, commer\u00e7ants, artisans, restaurateurs, professions lib\u00e9rales autour du bien-\u00eatre ou agents immobilier ind\u00e9pendants. Ici on parlera de ton \u00ab\u00a0b\u00e9b\u00e9\u00a0\u00bb, mon r\u00f4le est de te soulager de ta com&rsquo; sur les r\u00e9seaux, je ferais en sorte que ton entreprise rayonne, qu&rsquo;elle se d\u00e9marque des autres. Ensemble [&hellip;]\" \/>\n<meta property=\"og:url\" content=\"https:\/\/cmdlcommunitymanager.com\/\" \/>\n<meta property=\"og:site_name\" content=\"Celine Community Manager\" \/>\n<meta property=\"article:publisher\" content=\"https:\/\/www.facebook.com\/profile.php?id=100086734726261\" \/>\n<meta property=\"article:modified_time\" content=\"2025-06-16T16:09:23+00:00\" \/>\n<meta property=\"og:image\" content=\"https:\/\/cmdlcommunitymanager.com\/wp-content\/uploads\/2024\/12\/Couverture-FB-CM.png\" \/>\n\t<meta property=\"og:image:width\" content=\"1640\" \/>\n\t<meta property=\"og:image:height\" content=\"924\" \/>\n\t<meta property=\"og:image:type\" content=\"image\/png\" \/>\n<meta name=\"twitter:card\" content=\"summary_large_image\" \/>\n<meta name=\"twitter:label1\" content=\"Dur\u00e9e de lecture estim\u00e9e\" \/>\n\t<meta name=\"twitter:data1\" content=\"1 minute\" \/>\n<script type=\"application\/ld+json\" class=\"yoast-schema-graph\">{\"@context\":\"https:\/\/schema.org\",\"@graph\":[{\"@type\":\"WebPage\",\"@id\":\"https:\/\/cmdlcommunitymanager.com\/\",\"url\":\"https:\/\/cmdlcommunitymanager.com\/\",\"name\":\"En Ce Moment - Celine Community Manager\",\"isPartOf\":{\"@id\":\"https:\/\/cmdlcommunitymanager.com\/#website\"},\"primaryImageOfPage\":{\"@id\":\"https:\/\/cmdlcommunitymanager.com\/#primaryimage\"},\"image\":{\"@id\":\"https:\/\/cmdlcommunitymanager.com\/#primaryimage\"},\"thumbnailUrl\":\"http:\/\/cmdlcommunitymanager.com\/wp-content\/uploads\/2024\/12\/Couverture-FB-CM-1200x700.png\",\"datePublished\":\"2023-08-20T12:35:26+00:00\",\"dateModified\":\"2025-06-16T16:09:23+00:00\",\"breadcrumb\":{\"@id\":\"https:\/\/cmdlcommunitymanager.com\/#breadcrumb\"},\"inLanguage\":\"fr-FR\",\"potentialAction\":[{\"@type\":\"ReadAction\",\"target\":[\"https:\/\/cmdlcommunitymanager.com\/\"]}]},{\"@type\":\"ImageObject\",\"inLanguage\":\"fr-FR\",\"@id\":\"https:\/\/cmdlcommunitymanager.com\/#primaryimage\",\"url\":\"https:\/\/cmdlcommunitymanager.com\/wp-content\/uploads\/2024\/12\/Couverture-FB-CM.png\",\"contentUrl\":\"https:\/\/cmdlcommunitymanager.com\/wp-content\/uploads\/2024\/12\/Couverture-FB-CM.png\",\"width\":1640,\"height\":924},{\"@type\":\"BreadcrumbList\",\"@id\":\"https:\/\/cmdlcommunitymanager.com\/#breadcrumb\",\"itemListElement\":[{\"@type\":\"ListItem\",\"position\":1,\"name\":\"Accueil\",\"item\":\"https:\/\/cmdlcommunitymanager.com\/\"},{\"@type\":\"ListItem\",\"position\":2,\"name\":\"En Ce Moment\"}]},{\"@type\":\"WebSite\",\"@id\":\"https:\/\/cmdlcommunitymanager.com\/#website\",\"url\":\"https:\/\/cmdlcommunitymanager.com\/\",\"name\":\"Celine Community Manager\",\"description\":\"Booster vos r\u00e9seaux. Mettre en lumi\u00e8re vos valeurs. Veiller \u00e0 votre E-R\u00e9putation\",\"publisher\":{\"@id\":\"https:\/\/cmdlcommunitymanager.com\/#organization\"},\"potentialAction\":[{\"@type\":\"SearchAction\",\"target\":{\"@type\":\"EntryPoint\",\"urlTemplate\":\"https:\/\/cmdlcommunitymanager.com\/?s={search_term_string}\"},\"query-input\":{\"@type\":\"PropertyValueSpecification\",\"valueRequired\":true,\"valueName\":\"search_term_string\"}}],\"inLanguage\":\"fr-FR\"},{\"@type\":\"Organization\",\"@id\":\"https:\/\/cmdlcommunitymanager.com\/#organization\",\"name\":\"Celine Community Manager\",\"url\":\"https:\/\/cmdlcommunitymanager.com\/\",\"logo\":{\"@type\":\"ImageObject\",\"inLanguage\":\"fr-FR\",\"@id\":\"https:\/\/cmdlcommunitymanager.com\/#\/schema\/logo\/image\/\",\"url\":\"https:\/\/cmdlcommunitymanager.com\/wp-content\/uploads\/2024\/03\/cropped-logo-TRANSPARENT.png\",\"contentUrl\":\"https:\/\/cmdlcommunitymanager.com\/wp-content\/uploads\/2024\/03\/cropped-logo-TRANSPARENT.png\",\"width\":500,\"height\":500,\"caption\":\"Celine Community Manager\"},\"image\":{\"@id\":\"https:\/\/cmdlcommunitymanager.com\/#\/schema\/logo\/image\/\"},\"sameAs\":[\"https:\/\/www.facebook.com\/profile.php?id=100086734726261\",\"https:\/\/www.instagram.com\/celine_communitymanager\/\",\"https:\/\/www.linkedin.com\/in\/celine-madelaine-colombat-a85063112\/\"]}]}<\/script>\n<!-- \/ Yoast SEO plugin. -->","yoast_head_json":{"title":"En Ce Moment - Celine Community Manager","robots":{"index":"index","follow":"follow","max-snippet":"max-snippet:-1","max-image-preview":"max-image-preview:large","max-video-preview":"max-video-preview:-1"},"canonical":"https:\/\/cmdlcommunitymanager.com\/","og_locale":"fr_FR","og_type":"article","og_title":"En Ce Moment - Celine Community Manager","og_description":"Bienvenue dans Mon petit univers Je m&rsquo;adresse essentiellement aux petites entreprises, commer\u00e7ants, artisans, restaurateurs, professions lib\u00e9rales autour du bien-\u00eatre ou agents immobilier ind\u00e9pendants. Ici on parlera de ton \u00ab\u00a0b\u00e9b\u00e9\u00a0\u00bb, mon r\u00f4le est de te soulager de ta com&rsquo; sur les r\u00e9seaux, je ferais en sorte que ton entreprise rayonne, qu&rsquo;elle se d\u00e9marque des autres. Ensemble [&hellip;]","og_url":"https:\/\/cmdlcommunitymanager.com\/","og_site_name":"Celine Community Manager","article_publisher":"https:\/\/www.facebook.com\/profile.php?id=100086734726261","article_modified_time":"2025-06-16T16:09:23+00:00","og_image":[{"width":1640,"height":924,"url":"https:\/\/cmdlcommunitymanager.com\/wp-content\/uploads\/2024\/12\/Couverture-FB-CM.png","type":"image\/png"}],"twitter_card":"summary_large_image","twitter_misc":{"Dur\u00e9e de lecture estim\u00e9e":"1 minute"},"schema":{"@context":"https:\/\/schema.org","@graph":[{"@type":"WebPage","@id":"https:\/\/cmdlcommunitymanager.com\/","url":"https:\/\/cmdlcommunitymanager.com\/","name":"En Ce Moment - Celine Community Manager","isPartOf":{"@id":"https:\/\/cmdlcommunitymanager.com\/#website"},"primaryImageOfPage":{"@id":"https:\/\/cmdlcommunitymanager.com\/#primaryimage"},"image":{"@id":"https:\/\/cmdlcommunitymanager.com\/#primaryimage"},"thumbnailUrl":"http:\/\/cmdlcommunitymanager.com\/wp-content\/uploads\/2024\/12\/Couverture-FB-CM-1200x700.png","datePublished":"2023-08-20T12:35:26+00:00","dateModified":"2025-06-16T16:09:23+00:00","breadcrumb":{"@id":"https:\/\/cmdlcommunitymanager.com\/#breadcrumb"},"inLanguage":"fr-FR","potentialAction":[{"@type":"ReadAction","target":["https:\/\/cmdlcommunitymanager.com\/"]}]},{"@type":"ImageObject","inLanguage":"fr-FR","@id":"https:\/\/cmdlcommunitymanager.com\/#primaryimage","url":"https:\/\/cmdlcommunitymanager.com\/wp-content\/uploads\/2024\/12\/Couverture-FB-CM.png","contentUrl":"https:\/\/cmdlcommunitymanager.com\/wp-content\/uploads\/2024\/12\/Couverture-FB-CM.png","width":1640,"height":924},{"@type":"BreadcrumbList","@id":"https:\/\/cmdlcommunitymanager.com\/#breadcrumb","itemListElement":[{"@type":"ListItem","position":1,"name":"Accueil","item":"https:\/\/cmdlcommunitymanager.com\/"},{"@type":"ListItem","position":2,"name":"En Ce Moment"}]},{"@type":"WebSite","@id":"https:\/\/cmdlcommunitymanager.com\/#website","url":"https:\/\/cmdlcommunitymanager.com\/","name":"Celine Community Manager","description":"Booster vos r\u00e9seaux. Mettre en lumi\u00e8re vos valeurs. Veiller \u00e0 votre E-R\u00e9putation","publisher":{"@id":"https:\/\/cmdlcommunitymanager.com\/#organization"},"potentialAction":[{"@type":"SearchAction","target":{"@type":"EntryPoint","urlTemplate":"https:\/\/cmdlcommunitymanager.com\/?s={search_term_string}"},"query-input":{"@type":"PropertyValueSpecification","valueRequired":true,"valueName":"search_term_string"}}],"inLanguage":"fr-FR"},{"@type":"Organization","@id":"https:\/\/cmdlcommunitymanager.com\/#organization","name":"Celine Community Manager","url":"https:\/\/cmdlcommunitymanager.com\/","logo":{"@type":"ImageObject","inLanguage":"fr-FR","@id":"https:\/\/cmdlcommunitymanager.com\/#\/schema\/logo\/image\/","url":"https:\/\/cmdlcommunitymanager.com\/wp-content\/uploads\/2024\/03\/cropped-logo-TRANSPARENT.png","contentUrl":"https:\/\/cmdlcommunitymanager.com\/wp-content\/uploads\/2024\/03\/cropped-logo-TRANSPARENT.png","width":500,"height":500,"caption":"Celine Community Manager"},"image":{"@id":"https:\/\/cmdlcommunitymanager.com\/#\/schema\/logo\/image\/"},"sameAs":["https:\/\/www.facebook.com\/profile.php?id=100086734726261","https:\/\/www.instagram.com\/celine_communitymanager\/","https:\/\/www.linkedin.com\/in\/celine-madelaine-colombat-a85063112\/"]}]}},"_links":{"self":[{"href":"https:\/\/cmdlcommunitymanager.com\/index.php\/wp-json\/wp\/v2\/pages\/2","targetHints":{"allow":["GET"]}}],"collection":[{"href":"https:\/\/cmdlcommunitymanager.com\/index.php\/wp-json\/wp\/v2\/pages"}],"about":[{"href":"https:\/\/cmdlcommunitymanager.com\/index.php\/wp-json\/wp\/v2\/types\/page"}],"author":[{"embeddable":true,"href":"https:\/\/cmdlcommunitymanager.com\/index.php\/wp-json\/wp\/v2\/users\/1"}],"replies":[{"embeddable":true,"href":"https:\/\/cmdlcommunitymanager.com\/index.php\/wp-json\/wp\/v2\/comments?post=2"}],"version-history":[{"count":75,"href":"https:\/\/cmdlcommunitymanager.com\/index.php\/wp-json\/wp\/v2\/pages\/2\/revisions"}],"predecessor-version":[{"id":493,"href":"https:\/\/cmdlcommunitymanager.com\/index.php\/wp-json\/wp\/v2\/pages\/2\/revisions\/493"}],"wp:attachment":[{"href":"https:\/\/cmdlcommunitymanager.com\/index.php\/wp-json\/wp\/v2\/media?parent=2"}],"curies":[{"name":"wp","href":"https:\/\/api.w.org\/{rel}","templated":true}]}}