{"id":56,"date":"2023-09-10T13:10:25","date_gmt":"2023-09-10T11:10:25","guid":{"rendered":"https:\/\/cmdlcommunitymanager.com\/?page_id=56"},"modified":"2024-12-17T19:20:04","modified_gmt":"2024-12-17T18:20:04","slug":"contact","status":"publish","type":"page","link":"https:\/\/cmdlcommunitymanager.com\/index.php\/contact\/","title":{"rendered":"Contact"},"content":{"rendered":"\t\t<div data-elementor-type=\"wp-page\" data-elementor-id=\"56\" class=\"elementor elementor-56\">\n\t\t\t\t<div class=\"elementor-element elementor-element-ba702c4 e-con-full e-flex e-con e-parent\" data-id=\"ba702c4\" data-element_type=\"container\" data-e-type=\"container\">\n\t\t\t\t<div class=\"elementor-element elementor-element-ee1e376 elementor-widget elementor-widget-formidable\" data-id=\"ee1e376\" data-element_type=\"widget\" data-e-type=\"widget\" data-widget_type=\"formidable.default\">\n\t\t\t\t<div class=\"elementor-widget-container\">\n\t\t\t\t\t<div class=\"frm_forms  with_frm_style frm_style_style-formidable\" id=\"frm_form_2_container\" data-token=\"e4369d302d0cd098ee1e2ec838c35e9f\">\n<form enctype=\"multipart\/form-data\" method=\"post\" class=\"frm-show-form  frm_js_validate  frm_ajax_submit \" id=\"form_contactezmoi\" data-token=\"e4369d302d0cd098ee1e2ec838c35e9f\">\n<div class=\"frm_form_fields \">\n<fieldset>\n<legend class=\"frm_screen_reader\">Contactez Moi<\/legend>\r\n\r\n<div class=\"frm_fields_container\">\n<input type=\"hidden\" name=\"frm_action\" value=\"create\" \/>\n<input type=\"hidden\" name=\"form_id\" value=\"2\" \/>\n<input type=\"hidden\" name=\"frm_hide_fields_2\" id=\"frm_hide_fields_2\" value=\"\" \/>\n<input type=\"hidden\" name=\"form_key\" value=\"contactezmoi\" \/>\n<input type=\"hidden\" name=\"item_meta[0]\" value=\"\" \/>\n<input type=\"hidden\" id=\"frm_submit_entry_2\" name=\"frm_submit_entry_2\" value=\"219708bb6f\" \/><input type=\"hidden\" name=\"_wp_http_referer\" value=\"\/index.php\/wp-json\/wp\/v2\/pages\/56\" \/><div id=\"frm_field_6_container\" class=\"frm_form_field form-field  frm_required_field frm_top_container frm_half\">\r\n    <label for=\"field_orsnt\" id=\"field_orsnt_label\" class=\"frm_primary_label\">Pr\u00e9nom\r\n        <span class=\"frm_required\" aria-hidden=\"true\">*<\/span>\r\n    <\/label>\r\n    <input type=\"text\" id=\"field_orsnt\" name=\"item_meta[6]\" value=\"\"  data-reqmsg=\"Ce champ ne peut pas \u00eatre vide\" aria-required=\"true\" data-invmsg=\"texte est non valide\" aria-invalid=\"false\"  \/>\r\n    \r\n    \r\n<\/div>\n<div id=\"frm_field_9_container\" class=\"frm_form_field form-field  frm_required_field frm_top_container frm_half\">\r\n    <label for=\"field_82goy\" id=\"field_82goy_label\" class=\"frm_primary_label\">Nom\r\n        <span class=\"frm_required\" aria-hidden=\"true\">*<\/span>\r\n    <\/label>\r\n    <input type=\"text\" id=\"field_82goy\" name=\"item_meta[9]\" value=\"\"  data-reqmsg=\"Ce champ ne peut pas \u00eatre vide\" aria-required=\"true\" data-invmsg=\"texte est non valide\" aria-invalid=\"false\"  \/>\r\n    \r\n    \r\n<\/div>\n<div id=\"frm_field_10_container\" class=\"frm_form_field form-field  frm_required_field frm_top_container frm_half\">\r\n    <label for=\"field_frgdo\" id=\"field_frgdo_label\" class=\"frm_primary_label\">T\u00e9l\u00e9phone\r\n        <span class=\"frm_required\" aria-hidden=\"true\">*<\/span>\r\n    <\/label>\r\n    <input type=\"text\" id=\"field_frgdo\" name=\"item_meta[10]\" value=\"\"  data-reqmsg=\"Ce champ ne peut pas \u00eatre vide\" aria-required=\"true\" data-invmsg=\"texte est non valide\" aria-invalid=\"false\"  \/>\r\n    \r\n    \r\n<\/div>\n<div id=\"frm_field_7_container\" class=\"frm_form_field form-field  frm_required_field frm_top_container frm_half\">\r\n    <label for=\"field_q07vf\" id=\"field_q07vf_label\" class=\"frm_primary_label\">Email\r\n        <span class=\"frm_required\" aria-hidden=\"true\">*<\/span>\r\n    <\/label>\r\n    <input type=\"email\" id=\"field_q07vf\" name=\"item_meta[7]\" value=\"\"  data-reqmsg=\"Ce champ ne peut pas \u00eatre vide\" aria-required=\"true\" data-invmsg=\"Email est non valide\" aria-invalid=\"false\"  \/>\r\n    \r\n    \r\n<\/div>\n<div id=\"frm_field_8_container\" class=\"frm_form_field form-field  frm_required_field frm_top_container\">\r\n    <label for=\"field_mrh7t\" id=\"field_mrh7t_label\" class=\"frm_primary_label\">En quoi puis-je vous aider?\r\n        <span class=\"frm_required\" aria-hidden=\"true\">*<\/span>\r\n    <\/label>\r\n    <textarea name=\"item_meta[8]\" id=\"field_mrh7t\" rows=\"5\"  data-reqmsg=\"Ce champ ne peut pas \u00eatre vide\" aria-required=\"true\" data-invmsg=\"En quoi puis-je vous aider? est non valide\" aria-invalid=\"false\"  ><\/textarea>\r\n    \r\n    \r\n<\/div>\n\t<input type=\"hidden\" name=\"item_key\" value=\"\" \/>\n\t\t\t<div id=\"frm_field_11_container\">\n\t\t\t<label for=\"field_pg8pt\" >\n\t\t\t\tSi vous \u00eates un humain, ne remplissez pas ce champ.\t\t\t<\/label>\n\t\t\t<input  id=\"field_pg8pt\" type=\"text\" class=\"frm_form_field form-field frm_verify\" name=\"item_meta[11]\" value=\"\"  \/>\n\t\t<\/div>\n\t\t<input name=\"frm_state\" type=\"hidden\" value=\"38\/CYOqP5KzyBl5LL7M2csMjSAYw+Tsbf2jdmMRwUno=\" \/><div class=\"frm_submit\">\r\n\r\n<button class=\"frm_button_submit\" type=\"submit\"  >Envoyer<\/button>\r\n\r\n\r\n<\/div><\/div>\n<\/fieldset>\n<\/div>\n\n<\/form>\n<\/div>\n\t\t\t\t<\/div>\n\t\t\t\t<\/div>\n\t\t\t\t<\/div>\n\t\t<div class=\"elementor-element elementor-element-656fef8 e-flex e-con-boxed e-con e-parent\" data-id=\"656fef8\" data-element_type=\"container\" data-e-type=\"container\">\n\t\t\t\t\t<div class=\"e-con-inner\">\n\t\t\t\t<div class=\"elementor-element elementor-element-16d14bb elementor-icon-list--layout-traditional elementor-list-item-link-full_width elementor-widget elementor-widget-icon-list\" data-id=\"16d14bb\" data-element_type=\"widget\" data-e-type=\"widget\" data-widget_type=\"icon-list.default\">\n\t\t\t\t<div class=\"elementor-widget-container\">\n\t\t\t\t\t\t\t<ul class=\"elementor-icon-list-items\">\n\t\t\t\t\t\t\t<li class=\"elementor-icon-list-item\">\n\t\t\t\t\t\t\t\t\t\t\t<span class=\"elementor-icon-list-icon\">\n\t\t\t\t\t\t\t<i aria-hidden=\"true\" class=\"fas fa-phone-alt\"><\/i>\t\t\t\t\t\t<\/span>\n\t\t\t\t\t\t\t\t\t\t<span class=\"elementor-icon-list-text\">06 30 69 54 80 <\/span>\n\t\t\t\t\t\t\t\t\t<\/li>\n\t\t\t\t\t\t\t\t<li class=\"elementor-icon-list-item\">\n\t\t\t\t\t\t\t\t\t\t\t<span class=\"elementor-icon-list-icon\">\n\t\t\t\t\t\t\t<i aria-hidden=\"true\" class=\"far fa-envelope\"><\/i>\t\t\t\t\t\t<\/span>\n\t\t\t\t\t\t\t\t\t\t<span class=\"elementor-icon-list-text\">73290 La Motte-Servolex<\/span>\n\t\t\t\t\t\t\t\t\t<\/li>\n\t\t\t\t\t\t<\/ul>\n\t\t\t\t\t\t<\/div>\n\t\t\t\t<\/div>\n\t\t\t\t\t<\/div>\n\t\t\t\t<\/div>\n\t\t<div class=\"elementor-element elementor-element-bbf4cf2 e-flex e-con-boxed e-con e-parent\" data-id=\"bbf4cf2\" data-element_type=\"container\" data-e-type=\"container\">\n\t\t\t\t\t<div class=\"e-con-inner\">\n\t\t<div class=\"elementor-element elementor-element-908bef9 e-con-full e-flex e-con e-child\" data-id=\"908bef9\" data-element_type=\"container\" data-e-type=\"container\">\n\t\t\t\t<div class=\"elementor-element elementor-element-4abd5a6 elementor-widget elementor-widget-google_maps\" data-id=\"4abd5a6\" data-element_type=\"widget\" data-e-type=\"widget\" data-widget_type=\"google_maps.default\">\n\t\t\t\t<div class=\"elementor-widget-container\">\n\t\t\t\t\t\t\t<div class=\"elementor-custom-embed\">\n\t\t\t<iframe loading=\"lazy\"\n\t\t\t\t\tsrc=\"https:\/\/maps.google.com\/maps?q=52%20rue%20Pierre%20Grange%2C%2073290%20La%20Motte-Servolex&#038;t=m&#038;z=11&#038;output=embed&#038;iwloc=near\"\n\t\t\t\t\ttitle=\"52 rue Pierre Grange, 73290 La Motte-Servolex\"\n\t\t\t\t\taria-label=\"52 rue Pierre Grange, 73290 La Motte-Servolex\"\n\t\t\t><\/iframe>\n\t\t<\/div>\n\t\t\t\t\t\t<\/div>\n\t\t\t\t<\/div>\n\t\t\t\t<\/div>\n\t\t<div class=\"elementor-element elementor-element-8206075 e-con-full e-flex e-con e-child\" data-id=\"8206075\" data-element_type=\"container\" data-e-type=\"container\">\n\t\t\t\t<\/div>\n\t\t\t\t\t<\/div>\n\t\t\t\t<\/div>\n\t\t\t\t<\/div>\n\t\t","protected":false},"excerpt":{"rendered":"<p>Contactez Moi Pr\u00e9nom * Nom * T\u00e9l\u00e9phone * Email * En quoi puis-je vous aider? * Si vous \u00eates un humain, ne remplissez pas ce champ. Envoyer 06 30 69 54 80 73290 La Motte-Servolex<\/p>\n","protected":false},"author":1,"featured_media":0,"parent":0,"menu_order":0,"comment_status":"closed","ping_status":"closed","template":"","meta":{"footnotes":""},"class_list":["post-56","page","type-page","status-publish","hentry","entry"],"yoast_head":"<!-- This site is optimized with the Yoast SEO plugin v24.0 - https:\/\/yoast.com\/wordpress\/plugins\/seo\/ -->\n<title>Contact - Celine Community Manager<\/title>\n<meta name=\"robots\" content=\"index, follow, max-snippet:-1, max-image-preview:large, max-video-preview:-1\" \/>\n<link rel=\"canonical\" href=\"https:\/\/cmdlcommunitymanager.com\/index.php\/contact\/\" \/>\n<meta property=\"og:locale\" content=\"fr_FR\" \/>\n<meta property=\"og:type\" content=\"article\" \/>\n<meta property=\"og:title\" content=\"Contact - Celine Community Manager\" \/>\n<meta property=\"og:description\" content=\"Contactez Moi Pr\u00e9nom * Nom * T\u00e9l\u00e9phone * Email * En quoi puis-je vous aider? * Si vous \u00eates un humain, ne remplissez pas ce champ. Envoyer 06 30 69 54 80 73290 La Motte-Servolex\" \/>\n<meta property=\"og:url\" content=\"https:\/\/cmdlcommunitymanager.com\/index.php\/contact\/\" \/>\n<meta property=\"og:site_name\" content=\"Celine Community Manager\" \/>\n<meta property=\"article:publisher\" content=\"https:\/\/www.facebook.com\/profile.php?id=100086734726261\" \/>\n<meta property=\"article:modified_time\" content=\"2024-12-17T18:20:04+00:00\" \/>\n<meta name=\"twitter:card\" content=\"summary_large_image\" \/>\n<meta name=\"twitter:label1\" content=\"Dur\u00e9e de lecture estim\u00e9e\" \/>\n\t<meta name=\"twitter:data1\" content=\"1 minute\" \/>\n<script type=\"application\/ld+json\" class=\"yoast-schema-graph\">{\"@context\":\"https:\/\/schema.org\",\"@graph\":[{\"@type\":\"WebPage\",\"@id\":\"https:\/\/cmdlcommunitymanager.com\/index.php\/contact\/\",\"url\":\"https:\/\/cmdlcommunitymanager.com\/index.php\/contact\/\",\"name\":\"Contact - Celine Community Manager\",\"isPartOf\":{\"@id\":\"https:\/\/cmdlcommunitymanager.com\/#website\"},\"datePublished\":\"2023-09-10T11:10:25+00:00\",\"dateModified\":\"2024-12-17T18:20:04+00:00\",\"breadcrumb\":{\"@id\":\"https:\/\/cmdlcommunitymanager.com\/index.php\/contact\/#breadcrumb\"},\"inLanguage\":\"fr-FR\",\"potentialAction\":[{\"@type\":\"ReadAction\",\"target\":[\"https:\/\/cmdlcommunitymanager.com\/index.php\/contact\/\"]}]},{\"@type\":\"BreadcrumbList\",\"@id\":\"https:\/\/cmdlcommunitymanager.com\/index.php\/contact\/#breadcrumb\",\"itemListElement\":[{\"@type\":\"ListItem\",\"position\":1,\"name\":\"Accueil\",\"item\":\"https:\/\/cmdlcommunitymanager.com\/\"},{\"@type\":\"ListItem\",\"position\":2,\"name\":\"Contact\"}]},{\"@type\":\"WebSite\",\"@id\":\"https:\/\/cmdlcommunitymanager.com\/#website\",\"url\":\"https:\/\/cmdlcommunitymanager.com\/\",\"name\":\"Celine Community Manager\",\"description\":\"Booster vos r\u00e9seaux. Mettre en lumi\u00e8re vos valeurs. Veiller \u00e0 votre E-R\u00e9putation\",\"publisher\":{\"@id\":\"https:\/\/cmdlcommunitymanager.com\/#organization\"},\"potentialAction\":[{\"@type\":\"SearchAction\",\"target\":{\"@type\":\"EntryPoint\",\"urlTemplate\":\"https:\/\/cmdlcommunitymanager.com\/?s={search_term_string}\"},\"query-input\":{\"@type\":\"PropertyValueSpecification\",\"valueRequired\":true,\"valueName\":\"search_term_string\"}}],\"inLanguage\":\"fr-FR\"},{\"@type\":\"Organization\",\"@id\":\"https:\/\/cmdlcommunitymanager.com\/#organization\",\"name\":\"Celine Community Manager\",\"url\":\"https:\/\/cmdlcommunitymanager.com\/\",\"logo\":{\"@type\":\"ImageObject\",\"inLanguage\":\"fr-FR\",\"@id\":\"https:\/\/cmdlcommunitymanager.com\/#\/schema\/logo\/image\/\",\"url\":\"https:\/\/cmdlcommunitymanager.com\/wp-content\/uploads\/2024\/03\/cropped-logo-TRANSPARENT.png\",\"contentUrl\":\"https:\/\/cmdlcommunitymanager.com\/wp-content\/uploads\/2024\/03\/cropped-logo-TRANSPARENT.png\",\"width\":500,\"height\":500,\"caption\":\"Celine Community Manager\"},\"image\":{\"@id\":\"https:\/\/cmdlcommunitymanager.com\/#\/schema\/logo\/image\/\"},\"sameAs\":[\"https:\/\/www.facebook.com\/profile.php?id=100086734726261\",\"https:\/\/www.instagram.com\/celine_communitymanager\/\",\"https:\/\/www.linkedin.com\/in\/celine-madelaine-colombat-a85063112\/\"]}]}<\/script>\n<!-- \/ Yoast SEO plugin. -->","yoast_head_json":{"title":"Contact - Celine Community Manager","robots":{"index":"index","follow":"follow","max-snippet":"max-snippet:-1","max-image-preview":"max-image-preview:large","max-video-preview":"max-video-preview:-1"},"canonical":"https:\/\/cmdlcommunitymanager.com\/index.php\/contact\/","og_locale":"fr_FR","og_type":"article","og_title":"Contact - Celine Community Manager","og_description":"Contactez Moi Pr\u00e9nom * Nom * T\u00e9l\u00e9phone * Email * En quoi puis-je vous aider? * Si vous \u00eates un humain, ne remplissez pas ce champ. Envoyer 06 30 69 54 80 73290 La Motte-Servolex","og_url":"https:\/\/cmdlcommunitymanager.com\/index.php\/contact\/","og_site_name":"Celine Community Manager","article_publisher":"https:\/\/www.facebook.com\/profile.php?id=100086734726261","article_modified_time":"2024-12-17T18:20:04+00:00","twitter_card":"summary_large_image","twitter_misc":{"Dur\u00e9e de lecture estim\u00e9e":"1 minute"},"schema":{"@context":"https:\/\/schema.org","@graph":[{"@type":"WebPage","@id":"https:\/\/cmdlcommunitymanager.com\/index.php\/contact\/","url":"https:\/\/cmdlcommunitymanager.com\/index.php\/contact\/","name":"Contact - Celine Community Manager","isPartOf":{"@id":"https:\/\/cmdlcommunitymanager.com\/#website"},"datePublished":"2023-09-10T11:10:25+00:00","dateModified":"2024-12-17T18:20:04+00:00","breadcrumb":{"@id":"https:\/\/cmdlcommunitymanager.com\/index.php\/contact\/#breadcrumb"},"inLanguage":"fr-FR","potentialAction":[{"@type":"ReadAction","target":["https:\/\/cmdlcommunitymanager.com\/index.php\/contact\/"]}]},{"@type":"BreadcrumbList","@id":"https:\/\/cmdlcommunitymanager.com\/index.php\/contact\/#breadcrumb","itemListElement":[{"@type":"ListItem","position":1,"name":"Accueil","item":"https:\/\/cmdlcommunitymanager.com\/"},{"@type":"ListItem","position":2,"name":"Contact"}]},{"@type":"WebSite","@id":"https:\/\/cmdlcommunitymanager.com\/#website","url":"https:\/\/cmdlcommunitymanager.com\/","name":"Celine Community Manager","description":"Booster vos r\u00e9seaux. Mettre en lumi\u00e8re vos valeurs. Veiller \u00e0 votre E-R\u00e9putation","publisher":{"@id":"https:\/\/cmdlcommunitymanager.com\/#organization"},"potentialAction":[{"@type":"SearchAction","target":{"@type":"EntryPoint","urlTemplate":"https:\/\/cmdlcommunitymanager.com\/?s={search_term_string}"},"query-input":{"@type":"PropertyValueSpecification","valueRequired":true,"valueName":"search_term_string"}}],"inLanguage":"fr-FR"},{"@type":"Organization","@id":"https:\/\/cmdlcommunitymanager.com\/#organization","name":"Celine Community Manager","url":"https:\/\/cmdlcommunitymanager.com\/","logo":{"@type":"ImageObject","inLanguage":"fr-FR","@id":"https:\/\/cmdlcommunitymanager.com\/#\/schema\/logo\/image\/","url":"https:\/\/cmdlcommunitymanager.com\/wp-content\/uploads\/2024\/03\/cropped-logo-TRANSPARENT.png","contentUrl":"https:\/\/cmdlcommunitymanager.com\/wp-content\/uploads\/2024\/03\/cropped-logo-TRANSPARENT.png","width":500,"height":500,"caption":"Celine Community Manager"},"image":{"@id":"https:\/\/cmdlcommunitymanager.com\/#\/schema\/logo\/image\/"},"sameAs":["https:\/\/www.facebook.com\/profile.php?id=100086734726261","https:\/\/www.instagram.com\/celine_communitymanager\/","https:\/\/www.linkedin.com\/in\/celine-madelaine-colombat-a85063112\/"]}]}},"_links":{"self":[{"href":"https:\/\/cmdlcommunitymanager.com\/index.php\/wp-json\/wp\/v2\/pages\/56","targetHints":{"allow":["GET"]}}],"collection":[{"href":"https:\/\/cmdlcommunitymanager.com\/index.php\/wp-json\/wp\/v2\/pages"}],"about":[{"href":"https:\/\/cmdlcommunitymanager.com\/index.php\/wp-json\/wp\/v2\/types\/page"}],"author":[{"embeddable":true,"href":"https:\/\/cmdlcommunitymanager.com\/index.php\/wp-json\/wp\/v2\/users\/1"}],"replies":[{"embeddable":true,"href":"https:\/\/cmdlcommunitymanager.com\/index.php\/wp-json\/wp\/v2\/comments?post=56"}],"version-history":[{"count":19,"href":"https:\/\/cmdlcommunitymanager.com\/index.php\/wp-json\/wp\/v2\/pages\/56\/revisions"}],"predecessor-version":[{"id":471,"href":"https:\/\/cmdlcommunitymanager.com\/index.php\/wp-json\/wp\/v2\/pages\/56\/revisions\/471"}],"wp:attachment":[{"href":"https:\/\/cmdlcommunitymanager.com\/index.php\/wp-json\/wp\/v2\/media?parent=56"}],"curies":[{"name":"wp","href":"https:\/\/api.w.org\/{rel}","templated":true}]}}