{"id":62,"date":"2023-09-10T13:44:11","date_gmt":"2023-09-10T11:44:11","guid":{"rendered":"https:\/\/cmdlcommunitymanager.com\/?page_id=62"},"modified":"2024-03-08T16:28:40","modified_gmt":"2024-03-08T15:28:40","slug":"qui-suis-je-2","status":"publish","type":"page","link":"https:\/\/cmdlcommunitymanager.com\/index.php\/qui-suis-je-2\/","title":{"rendered":"Qui suis je ?"},"content":{"rendered":"\t\t<div data-elementor-type=\"wp-page\" data-elementor-id=\"62\" class=\"elementor elementor-62\">\n\t\t\t\t<div class=\"elementor-element elementor-element-9f94087 e-flex e-con-boxed e-con e-parent\" data-id=\"9f94087\" data-element_type=\"container\" data-e-type=\"container\">\n\t\t\t\t\t<div class=\"e-con-inner\">\n\t\t<div class=\"elementor-element elementor-element-07705b6 e-con-full e-flex e-con e-child\" data-id=\"07705b6\" data-element_type=\"container\" data-e-type=\"container\">\n\t\t\t\t<div class=\"elementor-element elementor-element-8b1dfb3 elementor-widget elementor-widget-heading\" data-id=\"8b1dfb3\" data-element_type=\"widget\" data-e-type=\"widget\" data-widget_type=\"heading.default\">\n\t\t\t\t<div class=\"elementor-widget-container\">\n\t\t\t\t\t<h2 class=\"elementor-heading-title elementor-size-default\">Community Manager Freelance <\/h2>\t\t\t\t<\/div>\n\t\t\t\t<\/div>\n\t\t\t\t<div class=\"elementor-element elementor-element-dc61968 elementor-widget elementor-widget-text-editor\" data-id=\"dc61968\" data-element_type=\"widget\" data-e-type=\"widget\" data-widget_type=\"text-editor.default\">\n\t\t\t\t<div class=\"elementor-widget-container\">\n\t\t\t\t\t\t\t\t\t<p>\u00ab\u00a0Mais c&rsquo;est quoi ? Tu fais quoi ?\u00a0\u00bb C&rsquo;est souvent la question que l&rsquo;on me pose quand je parle de mon activit\u00e9.<\/p><p>Voila Mon r\u00f4le c&rsquo;est de G\u00e9rer, Animer, D\u00e9velopper, Mettre en valeur votre image et votre visibilit\u00e9 sur les r\u00e9seaux sociaux.<\/p><p>C&rsquo;est une \u00e9vidence, mais je suis une fan des r\u00e9seaux depuis leurs d\u00e9buts, oui oui la g\u00e9n\u00e9ration Hotmail Messenger.<\/p><p>L&rsquo; ann\u00e9e derni\u00e8re j&rsquo;ai refait une mise \u00e0 niveau avec une formation Social Media Manager.\u00a0<\/p><p>Mes diverses exp\u00e9riences professionnelles m&rsquo;ont permises de d\u00e9velopper : Cr\u00e9ativit\u00e9, Bienveillance, Ecoute, Adaptabilit\u00e9 et R\u00e9activit\u00e9, qu&rsquo;aujourd&rsquo;hui je mets au service de mes clients.\u00a0<\/p>\t\t\t\t\t\t\t\t<\/div>\n\t\t\t\t<\/div>\n\t\t\t\t<\/div>\n\t\t<div class=\"elementor-element elementor-element-2310557 e-con-full e-flex e-con e-child\" data-id=\"2310557\" data-element_type=\"container\" data-e-type=\"container\">\n\t\t\t\t<div class=\"elementor-element elementor-element-75121c1 elementor-widget elementor-widget-image\" data-id=\"75121c1\" data-element_type=\"widget\" data-e-type=\"widget\" data-widget_type=\"image.default\">\n\t\t\t\t<div class=\"elementor-widget-container\">\n\t\t\t\t\t\t\t\t\t\t\t\t\t\t\t<img fetchpriority=\"high\" decoding=\"async\" width=\"940\" height=\"788\" src=\"https:\/\/cmdlcommunitymanager.com\/wp-content\/uploads\/2024\/03\/Communication-digitale.jpg\" class=\"attachment-large size-large wp-image-434\" alt=\"Community manager visibilite de vos reseaux\" srcset=\"https:\/\/cmdlcommunitymanager.com\/wp-content\/uploads\/2024\/03\/Communication-digitale.jpg 940w, https:\/\/cmdlcommunitymanager.com\/wp-content\/uploads\/2024\/03\/Communication-digitale-300x251.jpg 300w, https:\/\/cmdlcommunitymanager.com\/wp-content\/uploads\/2024\/03\/Communication-digitale-768x644.jpg 768w\" sizes=\"(max-width: 940px) 100vw, 940px\" \/>\t\t\t\t\t\t\t\t\t\t\t\t\t\t\t<\/div>\n\t\t\t\t<\/div>\n\t\t\t\t<\/div>\n\t\t\t\t\t<\/div>\n\t\t\t\t<\/div>\n\t\t<div class=\"elementor-element elementor-element-8be24a9 e-flex e-con-boxed e-con e-parent\" data-id=\"8be24a9\" data-element_type=\"container\" data-e-type=\"container\">\n\t\t\t\t\t<div class=\"e-con-inner\">\n\t\t<div class=\"elementor-element elementor-element-2461845 e-con-full e-flex e-con e-child\" data-id=\"2461845\" data-element_type=\"container\" data-e-type=\"container\">\n\t\t\t\t<div class=\"elementor-element elementor-element-370022b elementor-widget elementor-widget-image\" data-id=\"370022b\" data-element_type=\"widget\" data-e-type=\"widget\" data-widget_type=\"image.default\">\n\t\t\t\t<div class=\"elementor-widget-container\">\n\t\t\t\t\t\t\t\t\t\t\t\t\t\t\t<img decoding=\"async\" width=\"940\" height=\"788\" src=\"https:\/\/cmdlcommunitymanager.com\/wp-content\/uploads\/2023\/09\/Recette-du-succes.jpg\" class=\"attachment-large size-large wp-image-321\" alt=\"Comment je travaille, Ma recette du succ\u00e8s sur les r\u00e9seaux 500g de Cr\u00e9ativit\u00e9 250g de Strat\u00e9gie 250g de curiosite 100g d&#039; ecriture 1 CS de Veille 1 sachet d organisation Saupoudrer d&#039;humour\" srcset=\"https:\/\/cmdlcommunitymanager.com\/wp-content\/uploads\/2023\/09\/Recette-du-succes.jpg 940w, https:\/\/cmdlcommunitymanager.com\/wp-content\/uploads\/2023\/09\/Recette-du-succes-300x251.jpg 300w, https:\/\/cmdlcommunitymanager.com\/wp-content\/uploads\/2023\/09\/Recette-du-succes-768x644.jpg 768w\" sizes=\"(max-width: 940px) 100vw, 940px\" \/>\t\t\t\t\t\t\t\t\t\t\t\t\t\t\t<\/div>\n\t\t\t\t<\/div>\n\t\t\t\t<\/div>\n\t\t<div class=\"elementor-element elementor-element-073b435 e-con-full e-flex e-con e-child\" data-id=\"073b435\" data-element_type=\"container\" data-e-type=\"container\">\n\t\t\t\t<div class=\"elementor-element elementor-element-56734cc elementor-widget elementor-widget-heading\" data-id=\"56734cc\" data-element_type=\"widget\" data-e-type=\"widget\" data-widget_type=\"heading.default\">\n\t\t\t\t<div class=\"elementor-widget-container\">\n\t\t\t\t\t<h2 class=\"elementor-heading-title elementor-size-default\">Comment ?<\/h2>\t\t\t\t<\/div>\n\t\t\t\t<\/div>\n\t\t\t\t<div class=\"elementor-element elementor-element-490b6cc elementor-widget elementor-widget-text-editor\" data-id=\"490b6cc\" data-element_type=\"widget\" data-e-type=\"widget\" data-widget_type=\"text-editor.default\">\n\t\t\t\t<div class=\"elementor-widget-container\">\n\t\t\t\t\t\t\t\t\t<p><img decoding=\"async\" class=\"emoji\" role=\"img\" draggable=\"false\" src=\"https:\/\/s.w.org\/images\/core\/emoji\/14.0.0\/svg\/1f449.svg\" alt=\"\ud83d\udc49\" \/>500 G de cr\u00e9ativit\u00e9:<br \/>Un petit brin de folie afin de vous d\u00e9marquer. <br \/>Savoir trouver ce qui correspond au mieux \u00e0 chaque client<\/p><p><img decoding=\"async\" class=\"emoji\" role=\"img\" draggable=\"false\" src=\"https:\/\/s.w.org\/images\/core\/emoji\/14.0.0\/svg\/1f449.svg\" alt=\"\ud83d\udc49\" \/>250 G de strat\u00e9gie<br \/>Cr\u00e9er c\u2019est bien , mais publier de mani\u00e8re organis\u00e9e c\u2019est encore mieux, cela en fonction des objectifs de chaque client<\/p><p><img decoding=\"async\" class=\"emoji\" role=\"img\" draggable=\"false\" src=\"https:\/\/s.w.org\/images\/core\/emoji\/14.0.0\/svg\/1f449.svg\" alt=\"\ud83d\udc49\" \/>250 G de curiosit\u00e9<br \/>Toujours \u00eatre \u00e0 la page ! il faut \u00eatre curieux de tout ce qu\u2019il se passe sur le net<\/p><p><img decoding=\"async\" class=\"emoji\" role=\"img\" draggable=\"false\" src=\"https:\/\/s.w.org\/images\/core\/emoji\/14.0.0\/svg\/1f449.svg\" alt=\"\ud83d\udc49\" \/>100 G d&rsquo;\u00e9criture<br \/>Savoir trouver les bons mots pour avoir des messages impactants et engageants<\/p><p><img decoding=\"async\" class=\"emoji\" role=\"img\" draggable=\"false\" src=\"https:\/\/s.w.org\/images\/core\/emoji\/14.0.0\/svg\/1f449.svg\" alt=\"\ud83d\udc49\" \/>2 CS de veille<br \/>Veille concurrentielle, mais pas que &#8230;. <br \/>c\u2019est en regardant ce que font les autres que l\u2019on peut s\u2019inspirer (pas copier) et cr\u00e9er de bons posts<\/p><p><img decoding=\"async\" class=\"emoji\" role=\"img\" draggable=\"false\" src=\"https:\/\/s.w.org\/images\/core\/emoji\/14.0.0\/svg\/1f449.svg\" alt=\"\ud83d\udc49\" \/>1 sachet d&rsquo;organisation<br \/>Ne pas faire du last minute ! <br \/>histoire de ne pas \u00eatre noy\u00e9 par le boulot, mais surtout proposer du travail de qualit\u00e9<\/p><p><img decoding=\"async\" class=\"emoji\" role=\"img\" draggable=\"false\" src=\"https:\/\/s.w.org\/images\/core\/emoji\/14.0.0\/svg\/1f449.svg\" alt=\"\ud83d\udc49\" \/>Le tout saupoudrer d&rsquo;humour<br \/>Un peu de second degr\u00e9s ne fait pas de mal<\/p>\t\t\t\t\t\t\t\t<\/div>\n\t\t\t\t<\/div>\n\t\t\t\t<\/div>\n\t\t\t\t\t<\/div>\n\t\t\t\t<\/div>\n\t\t<div class=\"elementor-element elementor-element-3e2e815 e-flex e-con-boxed e-con e-parent\" data-id=\"3e2e815\" data-element_type=\"container\" data-e-type=\"container\">\n\t\t\t\t\t<div class=\"e-con-inner\">\n\t\t<div class=\"elementor-element elementor-element-d3e7805 e-con-full e-flex e-con e-child\" data-id=\"d3e7805\" data-element_type=\"container\" data-e-type=\"container\">\n\t\t\t\t<div class=\"elementor-element elementor-element-3a75896 elementor-widget elementor-widget-heading\" data-id=\"3a75896\" data-element_type=\"widget\" data-e-type=\"widget\" data-widget_type=\"heading.default\">\n\t\t\t\t<div class=\"elementor-widget-container\">\n\t\t\t\t\t<h2 class=\"elementor-heading-title elementor-size-default\">\"Travailler s\u00e9rieusement sans se prendre au s\u00e9rieux\"<\/h2>\t\t\t\t<\/div>\n\t\t\t\t<\/div>\n\t\t\t\t<div class=\"elementor-element elementor-element-c23ef31 elementor-widget elementor-widget-text-editor\" data-id=\"c23ef31\" data-element_type=\"widget\" data-e-type=\"widget\" data-widget_type=\"text-editor.default\">\n\t\t\t\t<div class=\"elementor-widget-container\">\n\t\t\t\t\t\t\t\t\t<p>Si toi aussi tu veux profiter de ma recette du succ\u00e8s pour ton entreprise, commerce, n&rsquo;attends pas appelle moi\u00a0<\/p>\t\t\t\t\t\t\t\t<\/div>\n\t\t\t\t<\/div>\n\t\t\t\t<div class=\"elementor-element elementor-element-cce950b elementor-widget elementor-widget-button\" data-id=\"cce950b\" data-element_type=\"widget\" data-e-type=\"widget\" data-widget_type=\"button.default\">\n\t\t\t\t<div class=\"elementor-widget-container\">\n\t\t\t\t\t\t\t\t\t<div class=\"elementor-button-wrapper\">\n\t\t\t\t\t<a class=\"elementor-button elementor-button-link elementor-size-sm\" href=\"https:\/\/cmdlcommunitymanager.com\/index.php\/contact\/\">\n\t\t\t\t\t\t<span class=\"elementor-button-content-wrapper\">\n\t\t\t\t\t\t\t\t\t<span class=\"elementor-button-text\">Contact<\/span>\n\t\t\t\t\t<\/span>\n\t\t\t\t\t<\/a>\n\t\t\t\t<\/div>\n\t\t\t\t\t\t\t\t<\/div>\n\t\t\t\t<\/div>\n\t\t\t\t<\/div>\n\t\t<div class=\"elementor-element elementor-element-81a4b0d e-con-full e-flex e-con e-child\" data-id=\"81a4b0d\" data-element_type=\"container\" data-e-type=\"container\">\n\t\t\t\t<div class=\"elementor-element elementor-element-701aa13 elementor-widget elementor-widget-image\" data-id=\"701aa13\" data-element_type=\"widget\" data-e-type=\"widget\" data-widget_type=\"image.default\">\n\t\t\t\t<div class=\"elementor-widget-container\">\n\t\t\t\t\t\t\t\t\t\t\t\t\t\t\t<img decoding=\"async\" width=\"940\" height=\"788\" src=\"https:\/\/cmdlcommunitymanager.com\/wp-content\/uploads\/2024\/03\/Community-Manager.jpg\" class=\"attachment-large size-large wp-image-433\" alt=\"Community manager communication r\u00e9seau visibilit\u00e9\" srcset=\"https:\/\/cmdlcommunitymanager.com\/wp-content\/uploads\/2024\/03\/Community-Manager.jpg 940w, https:\/\/cmdlcommunitymanager.com\/wp-content\/uploads\/2024\/03\/Community-Manager-300x251.jpg 300w, https:\/\/cmdlcommunitymanager.com\/wp-content\/uploads\/2024\/03\/Community-Manager-768x644.jpg 768w\" sizes=\"(max-width: 940px) 100vw, 940px\" \/>\t\t\t\t\t\t\t\t\t\t\t\t\t\t\t<\/div>\n\t\t\t\t<\/div>\n\t\t\t\t<\/div>\n\t\t\t\t\t<\/div>\n\t\t\t\t<\/div>\n\t\t\t\t<\/div>\n\t\t","protected":false},"excerpt":{"rendered":"<p>Community Manager Freelance \u00ab\u00a0Mais c&rsquo;est quoi ? Tu fais quoi ?\u00a0\u00bb C&rsquo;est souvent la question que l&rsquo;on me pose quand je parle de mon activit\u00e9. Voila Mon r\u00f4le c&rsquo;est de G\u00e9rer, Animer, D\u00e9velopper, Mettre en valeur votre image et votre visibilit\u00e9 sur les r\u00e9seaux sociaux. C&rsquo;est une \u00e9vidence, mais je suis une fan des r\u00e9seaux [&hellip;]<\/p>\n","protected":false},"author":1,"featured_media":0,"parent":0,"menu_order":0,"comment_status":"closed","ping_status":"closed","template":"","meta":{"footnotes":""},"class_list":["post-62","page","type-page","status-publish","hentry","entry"],"yoast_head":"<!-- This site is optimized with the Yoast SEO plugin v24.0 - https:\/\/yoast.com\/wordpress\/plugins\/seo\/ -->\n<title>Qui suis je ? - Celine Community Manager<\/title>\n<meta name=\"robots\" content=\"index, follow, max-snippet:-1, max-image-preview:large, max-video-preview:-1\" \/>\n<link rel=\"canonical\" href=\"https:\/\/cmdlcommunitymanager.com\/index.php\/qui-suis-je-2\/\" \/>\n<meta property=\"og:locale\" content=\"fr_FR\" \/>\n<meta property=\"og:type\" content=\"article\" \/>\n<meta property=\"og:title\" content=\"Qui suis je ? - Celine Community Manager\" \/>\n<meta property=\"og:description\" content=\"Community Manager Freelance \u00ab\u00a0Mais c&rsquo;est quoi ? Tu fais quoi ?\u00a0\u00bb C&rsquo;est souvent la question que l&rsquo;on me pose quand je parle de mon activit\u00e9. Voila Mon r\u00f4le c&rsquo;est de G\u00e9rer, Animer, D\u00e9velopper, Mettre en valeur votre image et votre visibilit\u00e9 sur les r\u00e9seaux sociaux. C&rsquo;est une \u00e9vidence, mais je suis une fan des r\u00e9seaux [&hellip;]\" \/>\n<meta property=\"og:url\" content=\"https:\/\/cmdlcommunitymanager.com\/index.php\/qui-suis-je-2\/\" \/>\n<meta property=\"og:site_name\" content=\"Celine Community Manager\" \/>\n<meta property=\"article:publisher\" content=\"https:\/\/www.facebook.com\/profile.php?id=100086734726261\" \/>\n<meta property=\"article:modified_time\" content=\"2024-03-08T15:28:40+00:00\" \/>\n<meta property=\"og:image\" content=\"http:\/\/cmdlcommunitymanager.com\/wp-content\/uploads\/2024\/03\/Communication-digitale.jpg\" \/>\n<meta name=\"twitter:card\" content=\"summary_large_image\" \/>\n<meta name=\"twitter:label1\" content=\"Dur\u00e9e de lecture estim\u00e9e\" \/>\n\t<meta name=\"twitter:data1\" content=\"4 minutes\" \/>\n<script type=\"application\/ld+json\" class=\"yoast-schema-graph\">{\"@context\":\"https:\/\/schema.org\",\"@graph\":[{\"@type\":\"WebPage\",\"@id\":\"https:\/\/cmdlcommunitymanager.com\/index.php\/qui-suis-je-2\/\",\"url\":\"https:\/\/cmdlcommunitymanager.com\/index.php\/qui-suis-je-2\/\",\"name\":\"Qui suis je ? - Celine Community Manager\",\"isPartOf\":{\"@id\":\"https:\/\/cmdlcommunitymanager.com\/#website\"},\"primaryImageOfPage\":{\"@id\":\"https:\/\/cmdlcommunitymanager.com\/index.php\/qui-suis-je-2\/#primaryimage\"},\"image\":{\"@id\":\"https:\/\/cmdlcommunitymanager.com\/index.php\/qui-suis-je-2\/#primaryimage\"},\"thumbnailUrl\":\"http:\/\/cmdlcommunitymanager.com\/wp-content\/uploads\/2024\/03\/Communication-digitale.jpg\",\"datePublished\":\"2023-09-10T11:44:11+00:00\",\"dateModified\":\"2024-03-08T15:28:40+00:00\",\"breadcrumb\":{\"@id\":\"https:\/\/cmdlcommunitymanager.com\/index.php\/qui-suis-je-2\/#breadcrumb\"},\"inLanguage\":\"fr-FR\",\"potentialAction\":[{\"@type\":\"ReadAction\",\"target\":[\"https:\/\/cmdlcommunitymanager.com\/index.php\/qui-suis-je-2\/\"]}]},{\"@type\":\"ImageObject\",\"inLanguage\":\"fr-FR\",\"@id\":\"https:\/\/cmdlcommunitymanager.com\/index.php\/qui-suis-je-2\/#primaryimage\",\"url\":\"https:\/\/cmdlcommunitymanager.com\/wp-content\/uploads\/2024\/03\/Communication-digitale.jpg\",\"contentUrl\":\"https:\/\/cmdlcommunitymanager.com\/wp-content\/uploads\/2024\/03\/Communication-digitale.jpg\",\"width\":940,\"height\":788,\"caption\":\"Community manager visibilite de vos reseaux\"},{\"@type\":\"BreadcrumbList\",\"@id\":\"https:\/\/cmdlcommunitymanager.com\/index.php\/qui-suis-je-2\/#breadcrumb\",\"itemListElement\":[{\"@type\":\"ListItem\",\"position\":1,\"name\":\"Accueil\",\"item\":\"https:\/\/cmdlcommunitymanager.com\/\"},{\"@type\":\"ListItem\",\"position\":2,\"name\":\"Qui suis je ?\"}]},{\"@type\":\"WebSite\",\"@id\":\"https:\/\/cmdlcommunitymanager.com\/#website\",\"url\":\"https:\/\/cmdlcommunitymanager.com\/\",\"name\":\"Celine Community Manager\",\"description\":\"Booster vos r\u00e9seaux. Mettre en lumi\u00e8re vos valeurs. Veiller \u00e0 votre E-R\u00e9putation\",\"publisher\":{\"@id\":\"https:\/\/cmdlcommunitymanager.com\/#organization\"},\"potentialAction\":[{\"@type\":\"SearchAction\",\"target\":{\"@type\":\"EntryPoint\",\"urlTemplate\":\"https:\/\/cmdlcommunitymanager.com\/?s={search_term_string}\"},\"query-input\":{\"@type\":\"PropertyValueSpecification\",\"valueRequired\":true,\"valueName\":\"search_term_string\"}}],\"inLanguage\":\"fr-FR\"},{\"@type\":\"Organization\",\"@id\":\"https:\/\/cmdlcommunitymanager.com\/#organization\",\"name\":\"Celine Community Manager\",\"url\":\"https:\/\/cmdlcommunitymanager.com\/\",\"logo\":{\"@type\":\"ImageObject\",\"inLanguage\":\"fr-FR\",\"@id\":\"https:\/\/cmdlcommunitymanager.com\/#\/schema\/logo\/image\/\",\"url\":\"https:\/\/cmdlcommunitymanager.com\/wp-content\/uploads\/2024\/03\/cropped-logo-TRANSPARENT.png\",\"contentUrl\":\"https:\/\/cmdlcommunitymanager.com\/wp-content\/uploads\/2024\/03\/cropped-logo-TRANSPARENT.png\",\"width\":500,\"height\":500,\"caption\":\"Celine Community Manager\"},\"image\":{\"@id\":\"https:\/\/cmdlcommunitymanager.com\/#\/schema\/logo\/image\/\"},\"sameAs\":[\"https:\/\/www.facebook.com\/profile.php?id=100086734726261\",\"https:\/\/www.instagram.com\/celine_communitymanager\/\",\"https:\/\/www.linkedin.com\/in\/celine-madelaine-colombat-a85063112\/\"]}]}<\/script>\n<!-- \/ Yoast SEO plugin. -->","yoast_head_json":{"title":"Qui suis je ? - Celine Community Manager","robots":{"index":"index","follow":"follow","max-snippet":"max-snippet:-1","max-image-preview":"max-image-preview:large","max-video-preview":"max-video-preview:-1"},"canonical":"https:\/\/cmdlcommunitymanager.com\/index.php\/qui-suis-je-2\/","og_locale":"fr_FR","og_type":"article","og_title":"Qui suis je ? - Celine Community Manager","og_description":"Community Manager Freelance \u00ab\u00a0Mais c&rsquo;est quoi ? Tu fais quoi ?\u00a0\u00bb C&rsquo;est souvent la question que l&rsquo;on me pose quand je parle de mon activit\u00e9. Voila Mon r\u00f4le c&rsquo;est de G\u00e9rer, Animer, D\u00e9velopper, Mettre en valeur votre image et votre visibilit\u00e9 sur les r\u00e9seaux sociaux. C&rsquo;est une \u00e9vidence, mais je suis une fan des r\u00e9seaux [&hellip;]","og_url":"https:\/\/cmdlcommunitymanager.com\/index.php\/qui-suis-je-2\/","og_site_name":"Celine Community Manager","article_publisher":"https:\/\/www.facebook.com\/profile.php?id=100086734726261","article_modified_time":"2024-03-08T15:28:40+00:00","og_image":[{"url":"http:\/\/cmdlcommunitymanager.com\/wp-content\/uploads\/2024\/03\/Communication-digitale.jpg","type":"","width":"","height":""}],"twitter_card":"summary_large_image","twitter_misc":{"Dur\u00e9e de lecture estim\u00e9e":"4 minutes"},"schema":{"@context":"https:\/\/schema.org","@graph":[{"@type":"WebPage","@id":"https:\/\/cmdlcommunitymanager.com\/index.php\/qui-suis-je-2\/","url":"https:\/\/cmdlcommunitymanager.com\/index.php\/qui-suis-je-2\/","name":"Qui suis je ? - Celine Community Manager","isPartOf":{"@id":"https:\/\/cmdlcommunitymanager.com\/#website"},"primaryImageOfPage":{"@id":"https:\/\/cmdlcommunitymanager.com\/index.php\/qui-suis-je-2\/#primaryimage"},"image":{"@id":"https:\/\/cmdlcommunitymanager.com\/index.php\/qui-suis-je-2\/#primaryimage"},"thumbnailUrl":"http:\/\/cmdlcommunitymanager.com\/wp-content\/uploads\/2024\/03\/Communication-digitale.jpg","datePublished":"2023-09-10T11:44:11+00:00","dateModified":"2024-03-08T15:28:40+00:00","breadcrumb":{"@id":"https:\/\/cmdlcommunitymanager.com\/index.php\/qui-suis-je-2\/#breadcrumb"},"inLanguage":"fr-FR","potentialAction":[{"@type":"ReadAction","target":["https:\/\/cmdlcommunitymanager.com\/index.php\/qui-suis-je-2\/"]}]},{"@type":"ImageObject","inLanguage":"fr-FR","@id":"https:\/\/cmdlcommunitymanager.com\/index.php\/qui-suis-je-2\/#primaryimage","url":"https:\/\/cmdlcommunitymanager.com\/wp-content\/uploads\/2024\/03\/Communication-digitale.jpg","contentUrl":"https:\/\/cmdlcommunitymanager.com\/wp-content\/uploads\/2024\/03\/Communication-digitale.jpg","width":940,"height":788,"caption":"Community manager visibilite de vos reseaux"},{"@type":"BreadcrumbList","@id":"https:\/\/cmdlcommunitymanager.com\/index.php\/qui-suis-je-2\/#breadcrumb","itemListElement":[{"@type":"ListItem","position":1,"name":"Accueil","item":"https:\/\/cmdlcommunitymanager.com\/"},{"@type":"ListItem","position":2,"name":"Qui suis je ?"}]},{"@type":"WebSite","@id":"https:\/\/cmdlcommunitymanager.com\/#website","url":"https:\/\/cmdlcommunitymanager.com\/","name":"Celine Community Manager","description":"Booster vos r\u00e9seaux. Mettre en lumi\u00e8re vos valeurs. Veiller \u00e0 votre E-R\u00e9putation","publisher":{"@id":"https:\/\/cmdlcommunitymanager.com\/#organization"},"potentialAction":[{"@type":"SearchAction","target":{"@type":"EntryPoint","urlTemplate":"https:\/\/cmdlcommunitymanager.com\/?s={search_term_string}"},"query-input":{"@type":"PropertyValueSpecification","valueRequired":true,"valueName":"search_term_string"}}],"inLanguage":"fr-FR"},{"@type":"Organization","@id":"https:\/\/cmdlcommunitymanager.com\/#organization","name":"Celine Community Manager","url":"https:\/\/cmdlcommunitymanager.com\/","logo":{"@type":"ImageObject","inLanguage":"fr-FR","@id":"https:\/\/cmdlcommunitymanager.com\/#\/schema\/logo\/image\/","url":"https:\/\/cmdlcommunitymanager.com\/wp-content\/uploads\/2024\/03\/cropped-logo-TRANSPARENT.png","contentUrl":"https:\/\/cmdlcommunitymanager.com\/wp-content\/uploads\/2024\/03\/cropped-logo-TRANSPARENT.png","width":500,"height":500,"caption":"Celine Community Manager"},"image":{"@id":"https:\/\/cmdlcommunitymanager.com\/#\/schema\/logo\/image\/"},"sameAs":["https:\/\/www.facebook.com\/profile.php?id=100086734726261","https:\/\/www.instagram.com\/celine_communitymanager\/","https:\/\/www.linkedin.com\/in\/celine-madelaine-colombat-a85063112\/"]}]}},"_links":{"self":[{"href":"https:\/\/cmdlcommunitymanager.com\/index.php\/wp-json\/wp\/v2\/pages\/62","targetHints":{"allow":["GET"]}}],"collection":[{"href":"https:\/\/cmdlcommunitymanager.com\/index.php\/wp-json\/wp\/v2\/pages"}],"about":[{"href":"https:\/\/cmdlcommunitymanager.com\/index.php\/wp-json\/wp\/v2\/types\/page"}],"author":[{"embeddable":true,"href":"https:\/\/cmdlcommunitymanager.com\/index.php\/wp-json\/wp\/v2\/users\/1"}],"replies":[{"embeddable":true,"href":"https:\/\/cmdlcommunitymanager.com\/index.php\/wp-json\/wp\/v2\/comments?post=62"}],"version-history":[{"count":34,"href":"https:\/\/cmdlcommunitymanager.com\/index.php\/wp-json\/wp\/v2\/pages\/62\/revisions"}],"predecessor-version":[{"id":447,"href":"https:\/\/cmdlcommunitymanager.com\/index.php\/wp-json\/wp\/v2\/pages\/62\/revisions\/447"}],"wp:attachment":[{"href":"https:\/\/cmdlcommunitymanager.com\/index.php\/wp-json\/wp\/v2\/media?parent=62"}],"curies":[{"name":"wp","href":"https:\/\/api.w.org\/{rel}","templated":true}]}}